{"id":229,"date":"2015-07-27T03:29:01","date_gmt":"2015-07-27T03:29:01","guid":{"rendered":"http:\/\/demo.vegatheme.com\/archilight\/?page_id=229"},"modified":"2023-05-31T17:22:53","modified_gmt":"2023-05-31T17:22:53","slug":"semanakinesica2","status":"publish","type":"page","link":"https:\/\/colkyfcba.com.ar\/cordobakinesica\/semanakinesica2\/","title":{"rendered":"Semana Kin\u00e9sica"},"content":{"rendered":"<div class=\"wpb-content-wrapper\"><p>[vc_row][vc_column width=&#8221;1\/2&#8243;][vc_row_inner][vc_column_inner][vc_single_image image=&#8221;10558&#8243; img_size=&#8221;FULL&#8221; alignment=&#8221;center&#8221; css_animation=&#8221;flipInY&#8221;][\/vc_column_inner][\/vc_row_inner][\/vc_column][vc_column width=&#8221;1\/2&#8243;][vc_empty_space height=&#8221;75&#8243;][vc_empty_space height=&#8221;58&#8243;][vc_column_text]Seg\u00fan Resoluci\u00f3n de Junta Ejecutiva N\u00ba002\/2023 y Resoluci\u00f3n N\u00ba002\/2023 de Junta de Gobierno, declaramos \u201cSEMANA KIN\u00c9SICA \u2013 2023\u201d, del 7 al 15 de abril.<\/p>\n<p>Con el objetivo de fomentar, jerarquizar y visibilizar las incumbencias de nuestra Profesi\u00f3n en la sociedad, proporcionar actualizaci\u00f3n de conocimientos acad\u00e9micos, brindar herramientas de actualidad en el trabajo kin\u00e9sico y acercar propuestas innovadoras de diferentes empresas de inter\u00e9s profesional.<\/p>\n<p>En dicha semana, se realizar\u00e1n actividades de difusi\u00f3n destinadas a educar a la sociedad con respecto a las incumbencias y alcance de nuestro t\u00edtulo profesional. Tambi\u00e9n se organizar\u00e1n acciones que contribuyan a mejorar el desempe\u00f1o profesional.<\/p>\n<p>D\u00edas exclusivos por y para la Kinesiolog\u00eda.[\/vc_column_text][\/vc_column][\/vc_row][vc_row css=&#8221;.vc_custom_1438749369192{padding-top: 90px !important;padding-bottom: 90px !important;background-color: #f5f5f5 !important;}&#8221;][vc_column animate=&#8221;fadeinup&#8221; el_class=&#8221;container-4&#8243;]\n\t<!-- Element: OT Heading --> \t \n\t<h1 class=\"ot_custom_heading  \" style=\"text-align: center;color: #6f93b7;\" >GRILLA DE ACTIVIDADES POR D\u00cdAS<\/h1>\t\n[vc_empty_space height=&#8221;56&#8243;][vc_row_inner][vc_column_inner width=&#8221;1\/4&#8243;][vc_hoverbox image=&#8221;10569&#8243; primary_title=&#8221;&#8221; hover_title=&#8221;7\/04\/2023&#8243; hover_btn_title=&#8221;Particip\u00e1&#8221; hover_add_button=&#8221;true&#8221; hover_btn_link=&#8221;url:https%3A%2F%2Fdocs.google.com%2Fforms%2Fd%2Fe%2F1FAIpQLSd393nsV-0Jf1PcPMIvg-Pda0Ez1P-iQylJwhtoKIDr9iSR1g%2Fviewform|target:_blank&#8221;]<span style=\"font-weight: 400;\">Lanzamiento sorteo en redes sociales <\/span>[\/vc_hoverbox][vc_empty_space][\/vc_column_inner][vc_column_inner width=&#8221;1\/4&#8243;][vc_hoverbox image=&#8221;10570&#8243; primary_title=&#8221;&#8221; hover_title=&#8221;8\/04\/2023&#8243;]<a href=\"https:\/\/www.instagram.com\/colkyf\/\" target=\"_blank\" rel=\"noopener\">Campa\u00f1a de intrusismo<\/a><\/p>\n<p><a href=\"https:\/\/drive.google.com\/drive\/folders\/1ilvpm8ctnl5I_yUPAUx8gjY7fEeLGtFI\">Descarga el material<\/a><\/p>\n<p><a href=\"https:\/\/www.instagram.com\/colkyf\/\" target=\"_blank\" rel=\"noopener\">Mira nuestras redes y compart\u00ed\u00a0<\/a>[\/vc_hoverbox][vc_empty_space][\/vc_column_inner][vc_column_inner width=&#8221;1\/4&#8243;][vc_hoverbox image=&#8221;10571&#8243; primary_title=&#8221;&#8221; hover_title=&#8221;9\/04\/2023&#8243;]ACTIVIDADES A CONFIRMARSE[\/vc_hoverbox][vc_empty_space][\/vc_column_inner][vc_column_inner width=&#8221;1\/4&#8243;][vc_hoverbox image=&#8221;10572&#8243; primary_title=&#8221;&#8221; hover_title=&#8221;10\/03\/2023&#8243;]ACTIVIDADES A CONFIRMARSE[\/vc_hoverbox][vc_empty_space][\/vc_column_inner][\/vc_row_inner][vc_row_inner][vc_column_inner width=&#8221;1\/4&#8243;][vc_hoverbox image=&#8221;10573&#8243; primary_title=&#8221;&#8221; hover_title=&#8221;11\/04\/2023&#8243;]ACTIVIDADES A CONFIRMARSE\u00a0.[\/vc_hoverbox][\/vc_column_inner][vc_column_inner width=&#8221;1\/4&#8243;][vc_hoverbox image=&#8221;10574&#8243; primary_title=&#8221;&#8221; hover_title=&#8221;12\/04\/2023&#8243;]ACTIVIDADES A CONFIRMARSE[\/vc_hoverbox][\/vc_column_inner][vc_column_inner width=&#8221;1\/4&#8243;][vc_hoverbox image=&#8221;10575&#8243; primary_title=&#8221;&#8221; hover_title=&#8221;13\/04\/2023&#8243;]<a href=\"https:\/\/colkyfcba.com.ar\/cordobakinesica\/wp-content\/uploads\/2023\/03\/eventos-semana-kines-05-1-scaled.jpg\" target=\"_blank\" rel=\"noopener\">REGIONAL II &#8211; SAN FRANCISCO:\u00a0 12.30hs. Encuentro de Kinesiolog\u00eda\u00a0<\/a>[\/vc_hoverbox][\/vc_column_inner][vc_column_inner width=&#8221;1\/4&#8243;][vc_hoverbox image=&#8221;10576&#8243; primary_title=&#8221;&#8221; hover_title=&#8221;14\/04\/2023&#8243;]<a href=\"https:\/\/colkyfcba.com.ar\/cordobakinesica\/wp-content\/uploads\/2023\/03\/eventos-semana-kines-06-scaled.jpg\" target=\"_blank\" rel=\"noopener\"><span style=\"font-weight: 400;\">REGIONAL II &#8211; SAN FRANCISCO- fiesta 21hs\u00a0<\/span><\/a>[\/vc_hoverbox][\/vc_column_inner][\/vc_row_inner][\/vc_column][\/vc_row][vc_row css=&#8221;.vc_custom_1650912663772{padding-top: 90px !important;padding-bottom: 90px !important;background-image: url(https:\/\/colkyfcba.com.ar\/cordobakinesica\/wp-content\/uploads\/2022\/04\/FONDO.png?id=1477) !important;background-position: center !important;background-repeat: no-repeat !important;background-size: cover !important;}&#8221; el_class=&#8221;text-light bg-fixed&#8221;][vc_column width=&#8221;1\/4&#8243; animate=&#8221;fadeinup&#8221;][\/vc_column][vc_column width=&#8221;1\/2&#8243;][vc_hoverbox image=&#8221;10881&#8243; primary_title=&#8221;&#8221; hover_title=&#8221;14\/04\/2023&#8243;]<a href=\"http:\/\/jornadaskinesicascba.com.ar\/\" target=\"_blank\" rel=\"noopener\"><span style=\"font-weight: 400; color: #000000;\">Jornadas Kin\u00e9sicas 2023- HOTEL ACA\u00a0<\/span><\/a><\/p>\n<p><a href=\"https:\/\/colkyfcba.com.ar\/cordobakinesica\/wp-content\/uploads\/2023\/03\/eventos-semana-kines-04.jpg\" target=\"_blank\" rel=\"noopener\"><span style=\"font-weight: 400; color: #000000;\">Regional VIII &#8211; Rio tercero &#8211; cena\u00a0 <\/span><\/a>[\/vc_hoverbox][vc_empty_space height=&#8221;40&#8243;]\t\t\t\n\t<!-- Element: OT Button --> \n\t\t\t<a href=\"http:\/\/jornadaskinesicascba.com.ar\/\" target=\"_blank\" class=\"btn btn-line-black btn-big  \">MIR\u00c1 TODA LA GRILLA DE CHARLAS, TALLERES Y DISERTACIONES E INSCRIBITE<\/a>\n\t    \n[\/vc_column][vc_column width=&#8221;1\/4&#8243;][\/vc_column][\/vc_row][vc_row][vc_column width=&#8221;1\/3&#8243;][vc_empty_space height=&#8221;40&#8243;][vc_single_image image=&#8221;11849&#8243; img_size=&#8221;medium&#8221; alignment=&#8221;center&#8221; onclick=&#8221;custom_link&#8221; img_link_target=&#8221;_blank&#8221; link=&#8221;https:\/\/www.eldiariocba.com.ar\/locales\/2023\/4\/13\/en-los-ultimos-anos-se-amplio-el-campo-de-accion-del-kinesiologo-94459.html&#8221;][vc_column_text]<a href=\"https:\/\/www.eldiariocba.com.ar\/locales\/2023\/4\/13\/en-los-ultimos-anos-se-amplio-el-campo-de-accion-del-kinesiologo-94459.html\" target=\"_blank\" rel=\"noopener\">Nota &#8220;El D\u00edario&#8221;: \u201cEn los \u00faltimos a\u00f1os se ampli\u00f3 el campo de acci\u00f3n del kinesi\u00f3logo\u201d<\/a>[\/vc_column_text][\/vc_column][vc_column width=&#8221;1\/3&#8243;][vc_empty_space height=&#8221;40&#8243;][vc_single_image image=&#8221;11851&#8243; img_size=&#8221;medium&#8221; alignment=&#8221;center&#8221; onclick=&#8221;custom_link&#8221; img_link_target=&#8221;_blank&#8221; link=&#8221;http:\/\/lavozdesanjusto.com.ar\/noticias\/articulo\/en-su-dia-los-kinesiologos-concientizan-sobre-el&#8211;intrusismo-profesional&#8212;-134481&#8243;][vc_column_text]<a href=\"http:\/\/lavozdesanjusto.com.ar\/noticias\/articulo\/en-su-dia-los-kinesiologos-concientizan-sobre-el--intrusismo-profesional----134481\" target=\"_blank\" rel=\"noopener\">Nota &#8220;La Voz de San Justo&#8221;:<\/a>En su d\u00eda, los kinesi\u00f3logos concientizan sobre el intrusismo profesional[\/vc_column_text][\/vc_column][vc_column width=&#8221;1\/3&#8243;][vc_empty_space height=&#8221;40&#8243;][vc_single_image image=&#8221;11850&#8243; img_size=&#8221;medium&#8221; alignment=&#8221;center&#8221; onclick=&#8221;custom_link&#8221; img_link_target=&#8221;_blank&#8221; link=&#8221;https:\/\/www.eldiariocba.com.ar\/locales\/2023\/4\/13\/en-los-ultimos-anos-se-amplio-el-campo-de-accion-del-kinesiologo-94459.html&#8221;][vc_column_text]<a href=\"http:\/\/www.lavozdesanjusto.com.ar\/suplementos\/articulo\/realizaran-la-semana-kinesica--con-el-objetivo-de-concientizar----134021\" target=\"_blank\" rel=\"noopener\">Nota &#8220;La Voz de San Justo&#8221;:<\/a>REALIZAR\u00c1N LA \u201cSEMANA KIN\u00c9SICA\u201d CON EL OBJETIVO DE CONCIENTIZAR[\/vc_column_text][\/vc_column][\/vc_row]<\/p>\n<\/div>","protected":false},"excerpt":{"rendered":"<p>[vc_row][vc_column width=&#8221;1\/2&#8243;][vc_row_inner][vc_column_inner][vc_single_image image=&#8221;10558&#8243; img_size=&#8221;FULL&#8221; alignment=&#8221;center&#8221; css_animation=&#8221;flipInY&#8221;][\/vc_column_inner][\/vc_row_inner][\/vc_column][vc_column width=&#8221;1\/2&#8243;][vc_empty_space height=&#8221;75&#8243;][vc_empty_space height=&#8221;58&#8243;][vc_column_text]Seg\u00fan Resoluci\u00f3n de Junta Ejecutiva N\u00ba002\/2023 y Resoluci\u00f3n N\u00ba002\/2023 de Junta de Gobierno, declaramos \u201cSEMANA KIN\u00c9SICA \u2013 2023\u201d, del 7 al 15 de abril. Con el objetivo de fomentar, jerarquizar y visibilizar las incumbencias de nuestra Profesi\u00f3n en la sociedad, proporcionar actualizaci\u00f3n de conocimientos acad\u00e9micos, brindar herramientas [&hellip;]<\/p>\n","protected":false},"author":2,"featured_media":0,"parent":0,"menu_order":0,"comment_status":"open","ping_status":"open","template":"page-templates\/template-onepage.php","meta":{"footnotes":""},"class_list":["post-229","page","type-page","status-publish","hentry"],"_links":{"self":[{"href":"https:\/\/colkyfcba.com.ar\/cordobakinesica\/wp-json\/wp\/v2\/pages\/229","targetHints":{"allow":["GET"]}}],"collection":[{"href":"https:\/\/colkyfcba.com.ar\/cordobakinesica\/wp-json\/wp\/v2\/pages"}],"about":[{"href":"https:\/\/colkyfcba.com.ar\/cordobakinesica\/wp-json\/wp\/v2\/types\/page"}],"author":[{"embeddable":true,"href":"https:\/\/colkyfcba.com.ar\/cordobakinesica\/wp-json\/wp\/v2\/users\/2"}],"replies":[{"embeddable":true,"href":"https:\/\/colkyfcba.com.ar\/cordobakinesica\/wp-json\/wp\/v2\/comments?post=229"}],"version-history":[{"count":63,"href":"https:\/\/colkyfcba.com.ar\/cordobakinesica\/wp-json\/wp\/v2\/pages\/229\/revisions"}],"predecessor-version":[{"id":12517,"href":"https:\/\/colkyfcba.com.ar\/cordobakinesica\/wp-json\/wp\/v2\/pages\/229\/revisions\/12517"}],"wp:attachment":[{"href":"https:\/\/colkyfcba.com.ar\/cordobakinesica\/wp-json\/wp\/v2\/media?parent=229"}],"curies":[{"name":"wp","href":"https:\/\/api.w.org\/{rel}","templated":true}]}}