{"id":10553,"date":"2023-03-02T13:43:59","date_gmt":"2023-03-02T13:43:59","guid":{"rendered":"https:\/\/colkyfcba.com.ar\/cordobakinesica\/?page_id=10553"},"modified":"2023-03-02T13:43:59","modified_gmt":"2023-03-02T13:43:59","slug":"semanakinesica2022","status":"publish","type":"page","link":"https:\/\/colkyfcba.com.ar\/cordobakinesica\/semanakinesica2022\/","title":{"rendered":"Semana Kin\u00e9sica 2022"},"content":{"rendered":"<div class=\"wpb-content-wrapper\"><p>[vc_row fullwidth=&#8221;yes&#8221; css=&#8221;.vc_custom_1474447018555{background-position: 0 0 !important;background-repeat: no-repeat !important;}&#8221; el_class=&#8221;side-bg no-padding&#8221;][vc_column]\t<!-- Element: OT Quick Office -->\n\t<div class=\"side-bg\">\n\n\t\t<div class=\"image-container hidden-xs pull-left col-md-5\" style=\"background-image:url(https:\/\/colkyfcba.com.ar\/cordobakinesica\/wp-content\/uploads\/2022\/04\/posteos-por-dia-\u00b4-lanzamiento-1.jpg); ?>\" data-delay=\"0\"><\/div>\n\n\t\t<!-- Added this code in 26\/03\/2019 -->\n\t\t<img decoding=\"async\" class=\"visible-xs img-responsive\" src=\"https:\/\/colkyfcba.com.ar\/cordobakinesica\/wp-content\/uploads\/2022\/04\/posteos-por-dia-\u00b4-lanzamiento-1.jpg\" \/>\n\n        <div class=\"container\">\n            <div class=\"row\">\n                <div class=\"inner-padding\">\n                    <div class=\"col-md-6 col-md-offset-6 wow fadeInRight\" data-wow-delay=\".2s\">\n                        <h2><\/h2><br\/>\n                        Desde el 07 al 13 de abril de 2022 declaramos una SEMANA KIN\u00c9SICA, por resoluci\u00f3n de Junta Ejecutiva y Junta de Gobierno del Colegio Profesional de Kinesi\u00f3logos y Fisioterapeutas de la Provincia de C\u00f3rdoba.<\/p>\n<p>Durante estos d\u00edas se realizaron acciones destinadas a fomentar, jerarquizar y visibilizar las incumbencias de nuestra Profesi\u00f3n. Tambi\u00e9n se organizaron cinco charlas\/conversatorios de formaci\u00f3n transversal para mejorar el desempe\u00f1o profesional. Culminando con la participaci\u00f3n en una c\u00e1tedra de la Escuela de Kinesiolog\u00eda y Fisioterapia de la UNC, de introducci\u00f3n al ejercicio profesional dirigida a estudiantes de la misma; Y un gran sorteo de premios para kinesi\u00f3logos\/as con matr\u00edcula en nuestra Instituci\u00f3n.<\/p>\n<p>Fueron siete d\u00edas exclusivos por y para la Kinesiolog\u00eda.                    <\/div>\n                    <div class=\"clearfix\"><\/div>\n                <\/div>\n            <\/div>\n        <\/div>\n\t<\/div>\n\n[\/vc_column][\/vc_row][vc_row][vc_column][\/vc_column][\/vc_row][vc_row css=&#8221;.vc_custom_1438749369192{padding-top: 90px !important;padding-bottom: 90px !important;background-color: #f5f5f5 !important;}&#8221;][vc_column animate=&#8221;fadeinup&#8221; el_class=&#8221;container-4&#8243;][vc_row_inner][vc_column_inner width=&#8221;1\/3&#8243;][vc_hoverbox image=&#8221;1642&#8243; primary_title=&#8221;&#8221; hover_title=&#8221;Kinesi\u00f3logos: superh\u00e9roes que usan ambo&#8221; hover_btn_title=&#8221;Leer nota completa&#8221; hover_add_button=&#8221;true&#8221; hover_btn_link=&#8221;url:https%3A%2F%2Fwww.lavoz.com.ar%2Fespacio-institucional%2Fkinesiologos-superheroes-que-usan-ambo%2F%3Ffbclid%3DIwAR0KBh8pJYE_yD3pXF9iVJMVo98V_tp-3evdjHPJz1AtLvf6Yxok6aT882o&#8221;]La labor de estos profesionales en el \u00e1mbito sanitario es de gran importancia para la recuperaci\u00f3n de los pacientes. Cada 13 de abril se conmemora su d\u00eda.<\/p>\n<p>[\/vc_hoverbox][\/vc_column_inner][vc_column_inner width=&#8221;1\/3&#8243;][vc_hoverbox image=&#8221;1768&#8243; primary_title=&#8221;&#8221; hover_title=&#8221;#SemanaKinesica&#8221; hover_btn_title=&#8221;Seguinos en Instagram&#8221; hover_add_button=&#8221;true&#8221; hover_btn_link=&#8221;url:https%3A%2F%2Fwww.instagram.com%2Fcolkyf%2F|target:_blank&#8221;]Las redes sociales son hoy el camino para llegar a los\/as Kines y la comunidad para promover actividades, educar y concientizar.<\/p>\n<p>[\/vc_hoverbox][\/vc_column_inner][vc_column_inner width=&#8221;1\/3&#8243;][vc_hoverbox image=&#8221;1770&#8243; primary_title=&#8221;&#8221; hover_title=&#8221;Salimos a la Comunidad&#8221; hover_btn_title=&#8221;Ir a Cordoba Kin\u00e9sica&#8221; hover_add_button=&#8221;true&#8221; hover_btn_link=&#8221;url:http%3A%2F%2Fcolkyfcba.com.ar%2Fcordobakinesica%2F&#8221;]Una acci\u00f3n donde nos acercamos a la comunidad para promocionar las incumbencias de la kinesiolog\u00eda. Regalando un llavero muy \u00fatil para usar el celular y que sirve para dirigir al sitio Cordoba Kin\u00e9sica.<\/p>\n<p>[\/vc_hoverbox][\/vc_column_inner][\/vc_row_inner][\/vc_column][\/vc_row][vc_row css=&#8221;.vc_custom_1650912663772{padding-top: 90px !important;padding-bottom: 90px !important;background-image: url(https:\/\/colkyfcba.com.ar\/cordobakinesica\/wp-content\/uploads\/2022\/04\/FONDO.png?id=1477) !important;background-position: center !important;background-repeat: no-repeat !important;background-size: cover !important;}&#8221; el_class=&#8221;text-light bg-fixed&#8221;][vc_column animate=&#8221;fadeinup&#8221;]\n\t<!-- Element: OT Heading --> \t \n\t<h1 class=\"ot_custom_heading  \" style=\"text-align: center;color: #ffffff;\" >CLASES \/ TALLERES \/ CHARLAS 2022<\/h1>\t\n[vc_empty_space height=&#8221;40&#8243;][\/vc_column][vc_column][vc_row_inner][vc_column_inner width=&#8221;1\/5&#8243;][vc_column_text]https:\/\/www.youtube.com\/watch?v=_wi8cdQg1ZY&amp;list=PLins5-KRguF0Z3TyhmYExf4qnAYOLfSkh&amp;index=1&amp;ab_channel=Capacitaci%C3%B3nColegio[\/vc_column_text][vc_column_text]<\/p>\n<p class=\"title style-scope ytd-video-primary-info-renderer\"><span style=\"color: #ffffff;\"><a style=\"color: #ffffff;\" href=\"https:\/\/www.youtube.com\/watch?v=_wi8cdQg1ZY&amp;list=PLins5-KRguF0Z3TyhmYExf4qnAYOLfSkh&amp;index=1&amp;ab_channel=Capacitaci%C3%B3nColegio\" target=\"_blank\" rel=\"noopener\">Coaching Kin\u00e9sico \u201cPrimero empiezo por m\u00ed\u201d<\/a><\/span><\/p>\n<p>[\/vc_column_text][\/vc_column_inner][vc_column_inner width=&#8221;1\/5&#8243;][vc_column_text]https:\/\/www.youtube.com\/watch?v=ltR269zhhRY&amp;list=PLins5-KRguF0Z3TyhmYExf4qnAYOLfSkh&amp;index=3[\/vc_column_text][vc_column_text]<\/p>\n<p class=\"title style-scope ytd-video-primary-info-renderer\"><a href=\"https:\/\/www.youtube.com\/watch?v=ltR269zhhRY&amp;list=PLins5-KRguF0Z3TyhmYExf4qnAYOLfSkh&amp;index=3\"><span style=\"color: #ffffff;\">Administraci\u00f3n y gesti\u00f3n del trabajo Kin\u00e9sico<\/span><\/a><\/p>\n<p>[\/vc_column_text][\/vc_column_inner][vc_column_inner width=&#8221;1\/5&#8243;][vc_column_text]https:\/\/youtu.be\/fFD2U3lL06w?list=PLins5-KRguF0Z3TyhmYExf4qnAYOLfSkh[\/vc_column_text][vc_column_text]<\/p>\n<p class=\"title style-scope ytd-video-primary-info-renderer\"><a href=\"https:\/\/youtu.be\/fFD2U3lL06w?list=PLins5-KRguF0Z3TyhmYExf4qnAYOLfSkh\"><span style=\"color: #ffffff;\">DISE\u00d1O + TENDECNIAS + BIENESTAR<\/span><\/a><\/p>\n<p>[\/vc_column_text][\/vc_column_inner][vc_column_inner width=&#8221;1\/5&#8243;][vc_column_text]https:\/\/youtu.be\/VIsR0yTy_bc?list=PLins5-KRguF0Z3TyhmYExf4qnAYOLfSkh[\/vc_column_text][vc_column_text]<\/p>\n<p class=\"title style-scope ytd-video-primary-info-renderer\"><a href=\"https:\/\/youtu.be\/VIsR0yTy_bc?list=PLins5-KRguF0Z3TyhmYExf4qnAYOLfSkh\"><span style=\"color: #ffffff;\">Hablemos del s\u00edndrome de Bournout \u00bfQui\u00e9n cuida a los que cuidan?<\/span><\/a><\/p>\n<p>[\/vc_column_text][\/vc_column_inner][vc_column_inner width=&#8221;1\/5&#8243;][vc_column_text]https:\/\/youtu.be\/3MbrU6p01sM?list=PLins5-KRguF0Z3TyhmYExf4qnAYOLfSkh[\/vc_column_text][vc_column_text]<\/p>\n<p class=\"title style-scope ytd-video-primary-info-renderer\"><a href=\"https:\/\/youtu.be\/3MbrU6p01sM?list=PLins5-KRguF0Z3TyhmYExf4qnAYOLfSkh\"><span style=\"color: #ffffff;\">Las redes sociales como herramienta de trabajo.<\/span><\/a><\/p>\n<p>[\/vc_column_text][\/vc_column_inner][\/vc_row_inner][\/vc_column][\/vc_row][vc_row][vc_column][vc_empty_space height=&#8221;40&#8243;]\n\t<!-- Element: OT Heading --> \t \n\t<h1 class=\"ot_custom_heading  \" style=\"text-align: center;color: #1e73be;\" >SALIMOS A LA COMUNIDAD<\/h1>\t\n[vc_empty_space height=&#8221;40&#8243;][vc_media_grid element_width=&#8221;3&#8243; item=&#8221;mediaGrid_ScaleInWithIcon&#8221; grid_id=&#8221;vc_gid:1652451950250-08b5d6e41d6a1060f13013e9efe49e20-3&#8243; include=&#8221;1574,1575,1576,1577,1578,1579,1580,1581&#8243;][vc_video link=&#8221;https:\/\/youtu.be\/82C4GHNGbRA?list=PLins5-KRguF0Z3TyhmYExf4qnAYOLfSkh&#8221; align=&#8221;center&#8221;][\/vc_column][\/vc_row][vc_row fullwidth=&#8221;yes&#8221; css=&#8221;.vc_custom_1442204580531{padding-top: 60px !important;padding-bottom: 60px !important;}&#8221; el_class=&#8221;call-to-action bg-color text-center&#8221;][vc_column]\t\t\t\n\t<!-- Element: OT Button --> \n\t\t\t<a href=\"https:\/\/colkyfcba.com.ar\/cordobakinesica\/#CONTACTO\" target=\"_self\" class=\"btn btn-line-black btn-big  \">contactate con #Colkyf<\/a>\n\t    \n[\/vc_column][\/vc_row]<\/p>\n<\/div>","protected":false},"excerpt":{"rendered":"<p>[vc_row fullwidth=&#8221;yes&#8221; css=&#8221;.vc_custom_1474447018555{background-position: 0 0 !important;background-repeat: no-repeat !important;}&#8221; el_class=&#8221;side-bg no-padding&#8221;][vc_column][\/vc_column][\/vc_row][vc_row][vc_column][\/vc_column][\/vc_row][vc_row css=&#8221;.vc_custom_1438749369192{padding-top: 90px !important;padding-bottom: 90px !important;background-color: #f5f5f5 !important;}&#8221;][vc_column animate=&#8221;fadeinup&#8221; el_class=&#8221;container-4&#8243;][vc_row_inner][vc_column_inner width=&#8221;1\/3&#8243;][vc_hoverbox image=&#8221;1642&#8243; primary_title=&#8221;&#8221; hover_title=&#8221;Kinesi\u00f3logos: superh\u00e9roes que usan ambo&#8221; hover_btn_title=&#8221;Leer nota completa&#8221; hover_add_button=&#8221;true&#8221; hover_btn_link=&#8221;url:https%3A%2F%2Fwww.lavoz.com.ar%2Fespacio-institucional%2Fkinesiologos-superheroes-que-usan-ambo%2F%3Ffbclid%3DIwAR0KBh8pJYE_yD3pXF9iVJMVo98V_tp-3evdjHPJz1AtLvf6Yxok6aT882o&#8221;]La labor de estos profesionales en el \u00e1mbito sanitario es de gran importancia para la recuperaci\u00f3n de los pacientes. Cada 13 de abril se [&hellip;]<\/p>\n","protected":false},"author":2,"featured_media":0,"parent":0,"menu_order":0,"comment_status":"open","ping_status":"closed","template":"page-templates\/template-onepage.php","meta":{"footnotes":""},"class_list":["post-10553","page","type-page","status-publish","hentry"],"_links":{"self":[{"href":"https:\/\/colkyfcba.com.ar\/cordobakinesica\/wp-json\/wp\/v2\/pages\/10553","targetHints":{"allow":["GET"]}}],"collection":[{"href":"https:\/\/colkyfcba.com.ar\/cordobakinesica\/wp-json\/wp\/v2\/pages"}],"about":[{"href":"https:\/\/colkyfcba.com.ar\/cordobakinesica\/wp-json\/wp\/v2\/types\/page"}],"author":[{"embeddable":true,"href":"https:\/\/colkyfcba.com.ar\/cordobakinesica\/wp-json\/wp\/v2\/users\/2"}],"replies":[{"embeddable":true,"href":"https:\/\/colkyfcba.com.ar\/cordobakinesica\/wp-json\/wp\/v2\/comments?post=10553"}],"version-history":[{"count":1,"href":"https:\/\/colkyfcba.com.ar\/cordobakinesica\/wp-json\/wp\/v2\/pages\/10553\/revisions"}],"predecessor-version":[{"id":10554,"href":"https:\/\/colkyfcba.com.ar\/cordobakinesica\/wp-json\/wp\/v2\/pages\/10553\/revisions\/10554"}],"wp:attachment":[{"href":"https:\/\/colkyfcba.com.ar\/cordobakinesica\/wp-json\/wp\/v2\/media?parent=10553"}],"curies":[{"name":"wp","href":"https:\/\/api.w.org\/{rel}","templated":true}]}}