{"id":1974,"date":"2023-10-11T11:04:23","date_gmt":"2023-10-11T11:04:23","guid":{"rendered":"https:\/\/colkyfcba.com.ar\/cbarosa\/?page_id=1974"},"modified":"2025-10-09T15:59:50","modified_gmt":"2025-10-09T15:59:50","slug":"deteccion-precoz","status":"publish","type":"page","link":"https:\/\/colkyfcba.com.ar\/cbarosa\/deteccion-precoz\/","title":{"rendered":"Detecci\u00f3n Precoz"},"content":{"rendered":"<p>[vc_row][vc_column]\n\t<!-- Element: OT Heading --> \t \n\t<h2 class=\"ot_custom_heading  \" style=\"\" >Octubre Rosa: La Importancia del Diagn\u00f3stico Precoz en el C\u00e1ncer de Mama<\/h2>\t\n[vc_column_text]<\/p>\n<p>&#x1f497; Octubre Rosa: la importancia del diagn\u00f3stico precoz en el c\u00e1ncer de mama<br \/>\nUn diagn\u00f3stico temprano y el reconocimiento de los primeros signos y s\u00edntomas son fundamentales para lograr un tratamiento efectivo del c\u00e1ncer de mama.<\/p>\n<p>Este #OctubreRosa, desde el Colegio de Kinesi\u00f3logos y Fisioterapeutas de la Provincia de C\u00f3rdoba, te recordamos que pod\u00e9s acceder a consultas y estudios gratuitos con especialistas.<\/p>\n<p>&#x1f690; Mam\u00f3grafos m\u00f3viles APROSS y Ministerio de Salud:<br \/>\nDurante todo octubre, los mam\u00f3grafos m\u00f3viles y el cami\u00f3n de atenci\u00f3n integral contin\u00faan recorriendo el interior de la provincia, acercando servicios de salud y prevenci\u00f3n.<br \/>\n&#x1f4de; Para turnos, comunic\u00e1te al 0-800-888-2776.<\/p>\n<p>&#x1f3e5; Mamograf\u00edas en hospitales provinciales:<br \/>\nTambi\u00e9n pod\u00e9s realizarte tu mamograf\u00eda de manera gratuita en distintos hospitales de la provincia.<br \/>\n&#x1f4de; Solicit\u00e1 tu turno al 0-800-555-4141, de lunes a viernes, de 8:00 a 20:00.<\/p>\n<p>[\/vc_column_text][\/vc_column][\/vc_row][vc_row][vc_column][vc_row_inner][vc_column_inner width=&#8221;1\/2&#8243;][vc_media_grid element_width=&#8221;12&#8243; item=&#8221;masonryMedia_Default&#8221; grid_id=&#8221;vc_gid:1760025516012-96446ccc-034c-5&#8243; include=&#8221;2082&#8243;][\/vc_column_inner][vc_column_inner width=&#8221;1\/2&#8243;][vc_media_grid element_width=&#8221;12&#8243; item=&#8221;masonryMedia_Default&#8221; grid_id=&#8221;vc_gid:1760025516012-d04601e4-ac69-7&#8243; include=&#8221;2086&#8243;][\/vc_column_inner][\/vc_row_inner][vc_row_inner][vc_column_inner width=&#8221;1\/2&#8243;][vc_media_grid element_width=&#8221;12&#8243; item=&#8221;masonryMedia_Default&#8221; grid_id=&#8221;vc_gid:1760025523694-4a03050c-91cb-3&#8243; include=&#8221;2292&#8243;][\/vc_column_inner][vc_column_inner width=&#8221;1\/2&#8243;][vc_media_grid element_width=&#8221;12&#8243; item=&#8221;masonryMedia_Default&#8221; grid_id=&#8221;vc_gid:1760025523709-48707fc4-f2e1-1&#8243; include=&#8221;2293&#8243;][\/vc_column_inner][\/vc_row_inner][vc_row_inner][vc_column_inner width=&#8221;1\/2&#8243;][vc_media_grid element_width=&#8221;12&#8243; item=&#8221;masonryMedia_Default&#8221; grid_id=&#8221;vc_gid:1760025570549-7ddc29d2-a89c-2&#8243; include=&#8221;2294&#8243;][\/vc_column_inner][vc_column_inner width=&#8221;1\/2&#8243;][vc_media_grid element_width=&#8221;12&#8243; item=&#8221;masonryMedia_Default&#8221; grid_id=&#8221;vc_gid:1760025570566-da35a019-deaf-10&#8243; include=&#8221;2295&#8243;][\/vc_column_inner][\/vc_row_inner][vc_column_text]<\/p>\n<h2 style=\"text-align: center;\"><a href=\"https:\/\/ministeriodesalud.cba.gov.ar\/cordoba-rosa\/\"><strong>https:\/\/ministeriodesalud.cba.gov.ar\/cordoba-rosa\/<\/strong><\/a><\/h2>\n<p>[\/vc_column_text][\/vc_column][\/vc_row][vc_row][vc_column width=&#8221;1\/2&#8243;][\/vc_column][vc_column width=&#8221;1\/2&#8243;][\/vc_column][\/vc_row][vc_row disable_element=&#8221;yes&#8221;][vc_column width=&#8221;1\/2&#8243;][vc_media_grid element_width=&#8221;12&#8243; item=&#8221;masonryMedia_Default&#8221; grid_id=&#8221;vc_gid:1760025516013-b00af92f-aceb-3&#8243; include=&#8221;1971,1972,1973&#8243;][\/vc_column][vc_column width=&#8221;1\/2&#8243;][vc_media_grid element_width=&#8221;12&#8243; item=&#8221;masonryMedia_Default&#8221; grid_id=&#8221;vc_gid:1760025516013-ee7afad8-8827-6&#8243; include=&#8221;2008,2009,2007&#8243;][\/vc_column][\/vc_row]<\/p>\n","protected":false},"excerpt":{"rendered":"<p>[vc_row][vc_column][vc_column_text] &#x1f497; Octubre Rosa: la importancia del diagn\u00f3stico precoz en el c\u00e1ncer de mama Un diagn\u00f3stico temprano y el reconocimiento de los primeros signos y s\u00edntomas son fundamentales para lograr un tratamiento efectivo del c\u00e1ncer de mama. Este #OctubreRosa, desde el Colegio de Kinesi\u00f3logos y Fisioterapeutas de la Provincia de C\u00f3rdoba, te recordamos que pod\u00e9s [&hellip;]<\/p>\n","protected":false},"author":2,"featured_media":0,"parent":0,"menu_order":0,"comment_status":"closed","ping_status":"closed","template":"","meta":{"footnotes":""},"class_list":["post-1974","page","type-page","status-publish","hentry"],"_links":{"self":[{"href":"https:\/\/colkyfcba.com.ar\/cbarosa\/wp-json\/wp\/v2\/pages\/1974","targetHints":{"allow":["GET"]}}],"collection":[{"href":"https:\/\/colkyfcba.com.ar\/cbarosa\/wp-json\/wp\/v2\/pages"}],"about":[{"href":"https:\/\/colkyfcba.com.ar\/cbarosa\/wp-json\/wp\/v2\/types\/page"}],"author":[{"embeddable":true,"href":"https:\/\/colkyfcba.com.ar\/cbarosa\/wp-json\/wp\/v2\/users\/2"}],"replies":[{"embeddable":true,"href":"https:\/\/colkyfcba.com.ar\/cbarosa\/wp-json\/wp\/v2\/comments?post=1974"}],"version-history":[{"count":12,"href":"https:\/\/colkyfcba.com.ar\/cbarosa\/wp-json\/wp\/v2\/pages\/1974\/revisions"}],"predecessor-version":[{"id":2303,"href":"https:\/\/colkyfcba.com.ar\/cbarosa\/wp-json\/wp\/v2\/pages\/1974\/revisions\/2303"}],"wp:attachment":[{"href":"https:\/\/colkyfcba.com.ar\/cbarosa\/wp-json\/wp\/v2\/media?parent=1974"}],"curies":[{"name":"wp","href":"https:\/\/api.w.org\/{rel}","templated":true}]}}