{"id":1558,"date":"2022-09-30T19:22:07","date_gmt":"2022-09-30T19:22:07","guid":{"rendered":"https:\/\/colkyfcba.com.ar\/cbarosa\/?page_id=1558"},"modified":"2024-09-27T19:30:52","modified_gmt":"2024-09-27T19:30:52","slug":"signos-y-sintomas","status":"publish","type":"page","link":"https:\/\/colkyfcba.com.ar\/cbarosa\/signos-y-sintomas\/","title":{"rendered":"SIGNOS Y SINTOMAS"},"content":{"rendered":"<p>[vc_row][vc_column]\n\t<!-- Element: OT Heading --> \t \n\t<h2 class=\"ot_custom_heading  \" style=\"\" >Conozcamos los factores de riesgo del c\u00e1ncer de mama<\/h2>\t\n[vc_column_text]<\/p>\n<ul>\n<li><strong>Antecedentes familiares:<\/strong> Las personas con antecedentes familiares de c\u00e1ncer de mama tienen un riesgo de desarrollar la enfermedad que puede ser dos o tres veces mayor en comparaci\u00f3n con quienes no tienen esa historia.<\/li>\n<li><strong>Factores reproductivos:<\/strong> Aspectos como una menarca precoz, una menopausia tard\u00eda y la edad avanzada al momento del primer parto se encuentran entre los principales factores de riesgo asociados al c\u00e1ncer de mama.<\/li>\n<li><strong>Uso de anticonceptivos y hormonas:<\/strong> Las mujeres que utilizan anticonceptivos orales o tratamientos de sustituci\u00f3n hormonal presentan un riesgo incrementado en comparaci\u00f3n con aquellas que no los utilizan.<\/li>\n<li><strong>Estilo de vida:<\/strong> El 21% de las muertes por c\u00e1ncer de mama a nivel mundial se deben a factores como el consumo de alcohol, el sobrepeso, la obesidad y la falta de actividad f\u00edsica.<\/li>\n<\/ul>\n<p>[\/vc_column_text][vc_column_text]<strong>Te invitamos a profundizar en estos factores y a tomar conciencia sobre la importancia de la prevenci\u00f3n y el cuidado de la salud. \u00a1Inf\u00f3rmate y cu\u00eddate!<\/strong>[\/vc_column_text][\/vc_column][\/vc_row][vc_row][vc_column][vc_media_grid grid_id=&#8221;vc_gid:1727465398949-c8f181b6-c2d6-8&#8243; include=&#8221;2098,2100,2101&#8243;][\/vc_column][\/vc_row]<\/p>\n","protected":false},"excerpt":{"rendered":"<p>[vc_row][vc_column][vc_column_text] Antecedentes familiares: Las personas con antecedentes familiares de c\u00e1ncer de mama tienen un riesgo de desarrollar la enfermedad que puede ser dos o tres veces mayor en comparaci\u00f3n con quienes no tienen esa historia. Factores reproductivos: Aspectos como una menarca precoz, una menopausia tard\u00eda y la edad avanzada al momento del primer parto se [&hellip;]<\/p>\n","protected":false},"author":2,"featured_media":0,"parent":0,"menu_order":0,"comment_status":"closed","ping_status":"closed","template":"","meta":{"footnotes":""},"class_list":["post-1558","page","type-page","status-publish","hentry"],"_links":{"self":[{"href":"https:\/\/colkyfcba.com.ar\/cbarosa\/wp-json\/wp\/v2\/pages\/1558","targetHints":{"allow":["GET"]}}],"collection":[{"href":"https:\/\/colkyfcba.com.ar\/cbarosa\/wp-json\/wp\/v2\/pages"}],"about":[{"href":"https:\/\/colkyfcba.com.ar\/cbarosa\/wp-json\/wp\/v2\/types\/page"}],"author":[{"embeddable":true,"href":"https:\/\/colkyfcba.com.ar\/cbarosa\/wp-json\/wp\/v2\/users\/2"}],"replies":[{"embeddable":true,"href":"https:\/\/colkyfcba.com.ar\/cbarosa\/wp-json\/wp\/v2\/comments?post=1558"}],"version-history":[{"count":9,"href":"https:\/\/colkyfcba.com.ar\/cbarosa\/wp-json\/wp\/v2\/pages\/1558\/revisions"}],"predecessor-version":[{"id":2106,"href":"https:\/\/colkyfcba.com.ar\/cbarosa\/wp-json\/wp\/v2\/pages\/1558\/revisions\/2106"}],"wp:attachment":[{"href":"https:\/\/colkyfcba.com.ar\/cbarosa\/wp-json\/wp\/v2\/media?parent=1558"}],"curies":[{"name":"wp","href":"https:\/\/api.w.org\/{rel}","templated":true}]}}