{"id":1512,"date":"2022-09-30T16:25:50","date_gmt":"2022-09-30T16:25:50","guid":{"rendered":"https:\/\/colkyfcba.com.ar\/cbarosa\/?page_id=1512"},"modified":"2025-09-26T17:38:42","modified_gmt":"2025-09-26T17:38:42","slug":"campana-de-deteccion-precoz-de-cancer-de-mama","status":"publish","type":"page","link":"https:\/\/colkyfcba.com.ar\/cbarosa\/campana-de-deteccion-precoz-de-cancer-de-mama\/","title":{"rendered":"Campa\u00f1a de detecci\u00f3n precoz\u00a0 de C\u00e1ncer de mama."},"content":{"rendered":"<p>[vc_row][vc_column][\/vc_column][\/vc_row][vc_row][vc_column][vc_wp_text]El c\u00e1ncer de mama constituye la principal neoplasia en mujeres y, aunque los avances m\u00e9dicos han mejorado la sobrevida, muchas pacientes enfrentan secuelas f\u00edsicas, funcionales y emocionales que afectan su calidad de vida. En este contexto, la kinesiolog\u00eda cumple un rol fundamental en la prevenci\u00f3n, el tratamiento de complicaciones y la recuperaci\u00f3n integral de las pacientes.<\/p>\n<p>Desde el a\u00f1o 2019, el <b>Colegio de Kinesi\u00f3logos y Fisioterapeutas de la Provincia de C\u00f3rdoba<\/b>, a trav\u00e9s de la iniciativa del <b>Posgrado en Drenaje Linf\u00e1tico Manual y Rehabilitaci\u00f3n Vascular<\/b>, impulsa actividades en el marco de <b>C\u00f3rdoba Rosa<\/b>, en articulaci\u00f3n con el Gobierno de la Provincia, la Facultad de Ciencias M\u00e9dicas (UNC) y organizaciones de la sociedad civil como Fundaci\u00f3n Amazonas, Fundaci\u00f3n Coraz\u00f3n de Mujer y Fundaci\u00f3n Resilientes por la Vida.<\/p>\n<p>Esta continuidad refleja un compromiso sostenido en la <b>visibilizaci\u00f3n de la kinesiolog\u00eda oncol\u00f3gica<\/b>, la <b>formaci\u00f3n de profesionales<\/b> y el <b>acompa\u00f1amiento a mujeres que transitan y superan el c\u00e1ncer de mama<\/b>, promoviendo su bienestar y reinserci\u00f3n social.[\/vc_wp_text][\/vc_column][\/vc_row][vc_row][vc_column width=&#8221;1\/3&#8243;]\t\t\t\n\t<!-- Element: OT why choose us -->\n\t<div class=\"box-number \">\n        <span class=\"number bg-color wow rotateIn\" data-wow-delay=\"1s\"> 1<\/span>\n        <div class=\"text\">\n            <h3>\n\t              \n\t\t\t\t\t<span class=\"id-color\">Prehabilitaci\u00f3n<\/span>\n\t\t\t\t \n\t\t\t<\/h3>\n            <p>Acompa\u00f1a desde el diagn\u00f3stico hasta el comienzo del tratamiento m\u00e9dico, valorando la capacidad f\u00edsica, mejor\u00e1ndola para disminuir el impacto del tratamiento y educando sobre los cuidados espec\u00edficos.<\/p>\n        <\/div>\n    <\/div>\n    \n[\/vc_column][vc_column width=&#8221;1\/3&#8243;]\t\t\t\n\t<!-- Element: OT why choose us -->\n\t<div class=\"box-number \">\n        <span class=\"number bg-color wow rotateIn\" data-wow-delay=\"1s\"> 2<\/span>\n        <div class=\"text\">\n            <h3>\n\t              \n\t\t\t\t\t<span class=\"id-color\">Rehabilitaci\u00f3n Restaurativa<\/span>\n\t\t\t\t \n\t\t\t<\/h3>\n            <p>Transita el tratamiento propuesto y busca una recuperaci\u00f3n m\u00e1xima de las funciones alteradas. En el c\u00e1ncer de mama, la mastectom\u00eda y\/o cirug\u00eda reconstructiva si la hubiere, necesitan drenaje linf\u00e1tico manual, cuidado de las cicatrices y movilidad del hombro para evitar rigidez futura. Se educa en autoevaluaci\u00f3n y cuidados del brazo si existi\u00f3 extirpaci\u00f3n ganglionar para evitar la aparici\u00f3n de linfedema. Durante la quimioterapia y radioterapia, el cansancio, debilidad y dolor tambi\u00e9n llaman a su participaci\u00f3n a trav\u00e9s de planes de ejercicios personalizados y terapias manuales que alivian estos s\u00edntomas.<\/p>\n        <\/div>\n    <\/div>\n    \n[\/vc_column][vc_column width=&#8221;1\/3&#8243;]\t\t\t\n\t<!-- Element: OT why choose us -->\n\t<div class=\"box-number \">\n        <span class=\"number bg-color wow rotateIn\" data-wow-delay=\"1s\"> 3<\/span>\n        <div class=\"text\">\n            <h3>\n\t              \n\t\t\t\t\t<span class=\"id-color\">Rehabilitaci\u00f3n de Apoyo<\/span>\n\t\t\t\t \n\t\t\t<\/h3>\n            <p>Acompa\u00f1a la cronicidad del proceso y fomenta la capacidad de autocuidado, previniendo secuelas como linfedema, contracturas, debilidad muscular, rigideces, etc.<\/p>\n        <\/div>\n    <\/div>\n    \n[\/vc_column][\/vc_row]<\/p>\n","protected":false},"excerpt":{"rendered":"<p>[vc_row][vc_column][\/vc_column][\/vc_row][vc_row][vc_column][vc_wp_text]El c\u00e1ncer de mama constituye la principal neoplasia en mujeres y, aunque los avances m\u00e9dicos han mejorado la sobrevida, muchas pacientes enfrentan secuelas f\u00edsicas, funcionales y emocionales que afectan su calidad de vida. En este contexto, la kinesiolog\u00eda cumple un rol fundamental en la prevenci\u00f3n, el tratamiento de complicaciones y la recuperaci\u00f3n integral de las [&hellip;]<\/p>\n","protected":false},"author":2,"featured_media":0,"parent":0,"menu_order":0,"comment_status":"closed","ping_status":"closed","template":"","meta":{"footnotes":""},"class_list":["post-1512","page","type-page","status-publish","hentry"],"_links":{"self":[{"href":"https:\/\/colkyfcba.com.ar\/cbarosa\/wp-json\/wp\/v2\/pages\/1512","targetHints":{"allow":["GET"]}}],"collection":[{"href":"https:\/\/colkyfcba.com.ar\/cbarosa\/wp-json\/wp\/v2\/pages"}],"about":[{"href":"https:\/\/colkyfcba.com.ar\/cbarosa\/wp-json\/wp\/v2\/types\/page"}],"author":[{"embeddable":true,"href":"https:\/\/colkyfcba.com.ar\/cbarosa\/wp-json\/wp\/v2\/users\/2"}],"replies":[{"embeddable":true,"href":"https:\/\/colkyfcba.com.ar\/cbarosa\/wp-json\/wp\/v2\/comments?post=1512"}],"version-history":[{"count":5,"href":"https:\/\/colkyfcba.com.ar\/cbarosa\/wp-json\/wp\/v2\/pages\/1512\/revisions"}],"predecessor-version":[{"id":2236,"href":"https:\/\/colkyfcba.com.ar\/cbarosa\/wp-json\/wp\/v2\/pages\/1512\/revisions\/2236"}],"wp:attachment":[{"href":"https:\/\/colkyfcba.com.ar\/cbarosa\/wp-json\/wp\/v2\/media?parent=1512"}],"curies":[{"name":"wp","href":"https:\/\/api.w.org\/{rel}","templated":true}]}}